{"id":194,"date":"2024-09-27T20:37:03","date_gmt":"2024-09-27T18:37:03","guid":{"rendered":"https:\/\/les-abeilles-laborieuses.fr\/?page_id=194"},"modified":"2024-09-27T20:46:18","modified_gmt":"2024-09-27T18:46:18","slug":"primaire","status":"publish","type":"page","link":"https:\/\/les-abeilles-laborieuses.fr\/?page_id=194","title":{"rendered":"Primaire"},"content":{"rendered":"\t\t<div data-elementor-type=\"wp-page\" data-elementor-id=\"194\" class=\"elementor elementor-194\">\n\t\t\t\t<div class=\"elementor-element elementor-element-f80c091 e-flex e-con-boxed e-con e-parent\" data-id=\"f80c091\" data-element_type=\"container\">\n\t\t\t\t\t<div class=\"e-con-inner\">\n\t\t\t\t<div class=\"elementor-element elementor-element-88cb0d0 elementor-widget elementor-widget-heading\" data-id=\"88cb0d0\" data-element_type=\"widget\" data-widget_type=\"heading.default\">\n\t\t\t\t<div class=\"elementor-widget-container\">\n\t\t\t<style>\/*! elementor - v3.22.0 - 26-06-2024 *\/\n.elementor-heading-title{padding:0;margin:0;line-height:1}.elementor-widget-heading .elementor-heading-title[class*=elementor-size-]>a{color:inherit;font-size:inherit;line-height:inherit}.elementor-widget-heading .elementor-heading-title.elementor-size-small{font-size:15px}.elementor-widget-heading .elementor-heading-title.elementor-size-medium{font-size:19px}.elementor-widget-heading .elementor-heading-title.elementor-size-large{font-size:29px}.elementor-widget-heading .elementor-heading-title.elementor-size-xl{font-size:39px}.elementor-widget-heading .elementor-heading-title.elementor-size-xxl{font-size:59px}<\/style><h2 class=\"elementor-heading-title elementor-size-default\">Cours de soutien<\/h2>\t\t<\/div>\n\t\t\t\t<\/div>\n\t\t\t\t<div class=\"elementor-element elementor-element-1de0b93 elementor-widget elementor-widget-text-editor\" data-id=\"1de0b93\" data-element_type=\"widget\" data-widget_type=\"text-editor.default\">\n\t\t\t\t<div class=\"elementor-widget-container\">\n\t\t\t<style>\/*! elementor - v3.22.0 - 26-06-2024 *\/\n.elementor-widget-text-editor.elementor-drop-cap-view-stacked .elementor-drop-cap{background-color:#69727d;color:#fff}.elementor-widget-text-editor.elementor-drop-cap-view-framed .elementor-drop-cap{color:#69727d;border:3px solid;background-color:transparent}.elementor-widget-text-editor:not(.elementor-drop-cap-view-default) .elementor-drop-cap{margin-top:8px}.elementor-widget-text-editor:not(.elementor-drop-cap-view-default) .elementor-drop-cap-letter{width:1em;height:1em}.elementor-widget-text-editor .elementor-drop-cap{float:left;text-align:center;line-height:1;font-size:50px}.elementor-widget-text-editor .elementor-drop-cap-letter{display:inline-block}<\/style>\t\t\t\t<p>Les cours de soutien sont propos\u00e9s aux \u00e9l\u00e8ves de primaire pour leur inculquer les bases et de leur permettre d&#8217;amorcer la suite de leur scolarit\u00e9 avec confiance et autonomie.<\/p><p>Plusieurs cr\u00e9neaux sont propos\u00e9s:<\/p><ul><li><b>mardi de 17h \u00e0 18h00 ou de 17h30 \u00e0 18h30<\/b><\/li><li><b>jeudi de 17h \u00e0 18h00 ou de 17h30 \u00e0 18h30<\/b><\/li><\/ul><div>\u00a0<\/div><div>Les cours se d\u00e9roulent au <b>1-5 Pl. de la Lib\u00e9ration 93150 Le Blanc-Mesnil<\/b><\/div>\t\t\t\t\t\t<\/div>\n\t\t\t\t<\/div>\n\t\t\t\t\t<\/div>\n\t\t\t\t<\/div>\n\t\t<div class=\"elementor-element elementor-element-f6d9077 e-flex e-con-boxed e-con e-parent\" data-id=\"f6d9077\" data-element_type=\"container\">\n\t\t\t\t\t<div class=\"e-con-inner\">\n\t\t\t\t<div class=\"elementor-element elementor-element-8221386 elementor-widget elementor-widget-heading\" data-id=\"8221386\" data-element_type=\"widget\" data-widget_type=\"heading.default\">\n\t\t\t\t<div class=\"elementor-widget-container\">\n\t\t\t<h2 class=\"elementor-heading-title elementor-size-default\">Cours d'anglais<\/h2>\t\t<\/div>\n\t\t\t\t<\/div>\n\t\t\t\t<div class=\"elementor-element elementor-element-3ffab65 elementor-widget elementor-widget-text-editor\" data-id=\"3ffab65\" data-element_type=\"widget\" data-widget_type=\"text-editor.default\">\n\t\t\t\t<div class=\"elementor-widget-container\">\n\t\t\t\t\t\t\t<p>Une initiation \u00e0 l&#8217;anglais est propos\u00e9e pour les \u00e9l\u00e8ves de primaire.\u00a0<\/p><p>L&#8217;initiation \u00e0 l&#8217;anglais pour les \u00e9l\u00e8ves de primaire pr\u00e9sente de nombreux avantages. D\u00e8s le plus jeune \u00e2ge, les enfants ont une grande capacit\u00e9 d&#8217;apprentissage et une curiosit\u00e9 naturelle, ce qui rend cette p\u00e9riode id\u00e9ale pour commencer l&#8217;apprentissage d&#8217;une nouvelle langue. En s&#8217;initiant \u00e0 l&#8217;anglais, ils d\u00e9veloppent non seulement des comp\u00e9tences linguistiques qui leur seront utiles tout au long de leur vie, mais aussi leur ouverture au monde et \u00e0 diff\u00e9rentes cultures.<\/p><p>Les cours se passent<b> le mercredi de 17h \u00e0 18h ou de 18h \u00e0 19h<\/b>. Ils se d\u00e9roulent au <b>1-5 Pl. de la Lib\u00e9ration 93150 Le Blanc-Mesnil<\/b><\/p>\t\t\t\t\t\t<\/div>\n\t\t\t\t<\/div>\n\t\t\t\t\t<\/div>\n\t\t\t\t<\/div>\n\t\t\t\t<\/div>\n\t\t","protected":false},"excerpt":{"rendered":"<p>Cours de soutien Les cours de soutien sont propos\u00e9s aux \u00e9l\u00e8ves de primaire pour leur inculquer les bases et de leur permettre d&#8217;amorcer la suite de leur scolarit\u00e9 avec confiance et autonomie. Plusieurs cr\u00e9neaux sont propos\u00e9s: mardi de 17h \u00e0 18h00 ou de 17h30 \u00e0 18h30 jeudi de 17h \u00e0 18h00 ou de 17h30 \u00e0 18h30 \u00a0Les cours se d\u00e9roulent&#8230;<\/p>\n","protected":false},"author":1,"featured_media":0,"parent":0,"menu_order":0,"comment_status":"closed","ping_status":"closed","template":"","meta":{"om_disable_all_campaigns":false,"_monsterinsights_skip_tracking":false,"_monsterinsights_sitenote_active":false,"_monsterinsights_sitenote_note":"","_monsterinsights_sitenote_category":0,"footnotes":""},"aioseo_notices":[],"_links":{"self":[{"href":"https:\/\/les-abeilles-laborieuses.fr\/index.php?rest_route=\/wp\/v2\/pages\/194"}],"collection":[{"href":"https:\/\/les-abeilles-laborieuses.fr\/index.php?rest_route=\/wp\/v2\/pages"}],"about":[{"href":"https:\/\/les-abeilles-laborieuses.fr\/index.php?rest_route=\/wp\/v2\/types\/page"}],"author":[{"embeddable":true,"href":"https:\/\/les-abeilles-laborieuses.fr\/index.php?rest_route=\/wp\/v2\/users\/1"}],"replies":[{"embeddable":true,"href":"https:\/\/les-abeilles-laborieuses.fr\/index.php?rest_route=%2Fwp%2Fv2%2Fcomments&post=194"}],"version-history":[{"count":4,"href":"https:\/\/les-abeilles-laborieuses.fr\/index.php?rest_route=\/wp\/v2\/pages\/194\/revisions"}],"predecessor-version":[{"id":198,"href":"https:\/\/les-abeilles-laborieuses.fr\/index.php?rest_route=\/wp\/v2\/pages\/194\/revisions\/198"}],"wp:attachment":[{"href":"https:\/\/les-abeilles-laborieuses.fr\/index.php?rest_route=%2Fwp%2Fv2%2Fmedia&parent=194"}],"curies":[{"name":"wp","href":"https:\/\/api.w.org\/{rel}","templated":true}]}}