{"id":189,"date":"2024-09-27T20:34:14","date_gmt":"2024-09-27T18:34:14","guid":{"rendered":"https:\/\/les-abeilles-laborieuses.fr\/?page_id=189"},"modified":"2024-09-27T20:56:13","modified_gmt":"2024-09-27T18:56:13","slug":"anglais","status":"publish","type":"page","link":"https:\/\/les-abeilles-laborieuses.fr\/?page_id=189","title":{"rendered":"Anglais"},"content":{"rendered":"\t\t<div data-elementor-type=\"wp-page\" data-elementor-id=\"189\" class=\"elementor elementor-189\">\n\t\t\t\t<div class=\"elementor-element elementor-element-ac2ce63 e-flex e-con-boxed e-con e-parent\" data-id=\"ac2ce63\" data-element_type=\"container\">\n\t\t\t\t\t<div class=\"e-con-inner\">\n\t\t\t\t<div class=\"elementor-element elementor-element-4f6565b elementor-widget elementor-widget-heading\" data-id=\"4f6565b\" data-element_type=\"widget\" data-widget_type=\"heading.default\">\n\t\t\t\t<div class=\"elementor-widget-container\">\n\t\t\t<style>\/*! elementor - v3.22.0 - 26-06-2024 *\/\n.elementor-heading-title{padding:0;margin:0;line-height:1}.elementor-widget-heading .elementor-heading-title[class*=elementor-size-]>a{color:inherit;font-size:inherit;line-height:inherit}.elementor-widget-heading .elementor-heading-title.elementor-size-small{font-size:15px}.elementor-widget-heading .elementor-heading-title.elementor-size-medium{font-size:19px}.elementor-widget-heading .elementor-heading-title.elementor-size-large{font-size:29px}.elementor-widget-heading .elementor-heading-title.elementor-size-xl{font-size:39px}.elementor-widget-heading .elementor-heading-title.elementor-size-xxl{font-size:59px}<\/style><h2 class=\"elementor-heading-title elementor-size-default\">Cours pour les coll\u00e8ges-lyc\u00e9es<\/h2>\t\t<\/div>\n\t\t\t\t<\/div>\n\t\t\t\t<div class=\"elementor-element elementor-element-06493b1 elementor-widget elementor-widget-text-editor\" data-id=\"06493b1\" data-element_type=\"widget\" data-widget_type=\"text-editor.default\">\n\t\t\t\t<div class=\"elementor-widget-container\">\n\t\t\t<style>\/*! elementor - v3.22.0 - 26-06-2024 *\/\n.elementor-widget-text-editor.elementor-drop-cap-view-stacked .elementor-drop-cap{background-color:#69727d;color:#fff}.elementor-widget-text-editor.elementor-drop-cap-view-framed .elementor-drop-cap{color:#69727d;border:3px solid;background-color:transparent}.elementor-widget-text-editor:not(.elementor-drop-cap-view-default) .elementor-drop-cap{margin-top:8px}.elementor-widget-text-editor:not(.elementor-drop-cap-view-default) .elementor-drop-cap-letter{width:1em;height:1em}.elementor-widget-text-editor .elementor-drop-cap{float:left;text-align:center;line-height:1;font-size:50px}.elementor-widget-text-editor .elementor-drop-cap-letter{display:inline-block}<\/style>\t\t\t\t<p>Ce cours est propos\u00e9 pour renforcer le niveau oral et \u00e9crit des \u00e9l\u00e8ves en anglais. Deux cr\u00e9neaux sont disponibles selon le niveau de l&#8217;\u00e9l\u00e8ve d\u00e9terminer lors d&#8217;un test d&#8217;anglais la premi\u00e8re s\u00e9ance.<\/p>\n<ul>\n<li>Cr\u00e9neau 1: 16h \u00e0 17h<\/li>\n<li>Cr\u00e9neau 2: 17h \u00e0 18h<\/li>\n<\/ul>\n<p>Les cours se feront au 1-5 Pl. de la Lib\u00e9ration 93150 Le Blanc-Mesnil.<\/p>\t\t\t\t\t\t<\/div>\n\t\t\t\t<\/div>\n\t\t\t\t\t<\/div>\n\t\t\t\t<\/div>\n\t\t\t\t<\/div>\n\t\t","protected":false},"excerpt":{"rendered":"<p>Cours pour les coll\u00e8ges-lyc\u00e9es Ce cours est propos\u00e9 pour renforcer le niveau oral et \u00e9crit des \u00e9l\u00e8ves en anglais. Deux cr\u00e9neaux sont disponibles selon le niveau de l&#8217;\u00e9l\u00e8ve d\u00e9terminer lors d&#8217;un test d&#8217;anglais la premi\u00e8re s\u00e9ance. Cr\u00e9neau 1: 16h \u00e0 17h Cr\u00e9neau 2: 17h \u00e0 18h Les cours se feront au 1-5 Pl. de la Lib\u00e9ration 93150 Le Blanc-Mesnil.<\/p>\n","protected":false},"author":1,"featured_media":0,"parent":0,"menu_order":0,"comment_status":"closed","ping_status":"closed","template":"","meta":{"om_disable_all_campaigns":false,"_monsterinsights_skip_tracking":false,"_monsterinsights_sitenote_active":false,"_monsterinsights_sitenote_note":"","_monsterinsights_sitenote_category":0,"footnotes":""},"aioseo_notices":[],"_links":{"self":[{"href":"https:\/\/les-abeilles-laborieuses.fr\/index.php?rest_route=\/wp\/v2\/pages\/189"}],"collection":[{"href":"https:\/\/les-abeilles-laborieuses.fr\/index.php?rest_route=\/wp\/v2\/pages"}],"about":[{"href":"https:\/\/les-abeilles-laborieuses.fr\/index.php?rest_route=\/wp\/v2\/types\/page"}],"author":[{"embeddable":true,"href":"https:\/\/les-abeilles-laborieuses.fr\/index.php?rest_route=\/wp\/v2\/users\/1"}],"replies":[{"embeddable":true,"href":"https:\/\/les-abeilles-laborieuses.fr\/index.php?rest_route=%2Fwp%2Fv2%2Fcomments&post=189"}],"version-history":[{"count":7,"href":"https:\/\/les-abeilles-laborieuses.fr\/index.php?rest_route=\/wp\/v2\/pages\/189\/revisions"}],"predecessor-version":[{"id":207,"href":"https:\/\/les-abeilles-laborieuses.fr\/index.php?rest_route=\/wp\/v2\/pages\/189\/revisions\/207"}],"wp:attachment":[{"href":"https:\/\/les-abeilles-laborieuses.fr\/index.php?rest_route=%2Fwp%2Fv2%2Fmedia&parent=189"}],"curies":[{"name":"wp","href":"https:\/\/api.w.org\/{rel}","templated":true}]}}