{"id":177,"date":"2024-09-27T20:13:09","date_gmt":"2024-09-27T18:13:09","guid":{"rendered":"https:\/\/les-abeilles-laborieuses.fr\/?page_id=177"},"modified":"2024-09-27T22:14:45","modified_gmt":"2024-09-27T20:14:45","slug":"qui-sommes-nous","status":"publish","type":"page","link":"https:\/\/les-abeilles-laborieuses.fr\/?page_id=177","title":{"rendered":"Qui sommes nous ?"},"content":{"rendered":"\t\t<div data-elementor-type=\"wp-page\" data-elementor-id=\"177\" class=\"elementor elementor-177\">\n\t\t\t\t<div class=\"elementor-element elementor-element-9c8d59d e-con-full e-flex e-con e-parent\" data-id=\"9c8d59d\" data-element_type=\"container\">\n\t\t\t\t<div class=\"elementor-element elementor-element-98bebb9 elementor-widget elementor-widget-image\" data-id=\"98bebb9\" data-element_type=\"widget\" data-widget_type=\"image.default\">\n\t\t\t\t<div class=\"elementor-widget-container\">\n\t\t\t<style>\/*! elementor - v3.22.0 - 26-06-2024 *\/\n.elementor-widget-image{text-align:center}.elementor-widget-image a{display:inline-block}.elementor-widget-image a img[src$=\".svg\"]{width:48px}.elementor-widget-image img{vertical-align:middle;display:inline-block}<\/style>\t\t\t\t\t\t\t\t\t\t<img fetchpriority=\"high\" decoding=\"async\" width=\"1600\" height=\"1108\" src=\"https:\/\/les-abeilles-laborieuses.fr\/wp-content\/uploads\/2024\/09\/WhatsApp-Image-2024-09-27-at-21.13.47.jpeg\" class=\"attachment-full size-full wp-image-222\" alt=\"\" srcset=\"https:\/\/les-abeilles-laborieuses.fr\/wp-content\/uploads\/2024\/09\/WhatsApp-Image-2024-09-27-at-21.13.47.jpeg 1600w, https:\/\/les-abeilles-laborieuses.fr\/wp-content\/uploads\/2024\/09\/WhatsApp-Image-2024-09-27-at-21.13.47-300x208.jpeg 300w, https:\/\/les-abeilles-laborieuses.fr\/wp-content\/uploads\/2024\/09\/WhatsApp-Image-2024-09-27-at-21.13.47-1024x709.jpeg 1024w, https:\/\/les-abeilles-laborieuses.fr\/wp-content\/uploads\/2024\/09\/WhatsApp-Image-2024-09-27-at-21.13.47-768x532.jpeg 768w, https:\/\/les-abeilles-laborieuses.fr\/wp-content\/uploads\/2024\/09\/WhatsApp-Image-2024-09-27-at-21.13.47-1536x1064.jpeg 1536w\" sizes=\"(max-width: 1600px) 100vw, 1600px\" \/>\t\t\t\t\t\t\t\t\t\t\t\t\t<\/div>\n\t\t\t\t<\/div>\n\t\t\t\t<\/div>\n\t\t<div class=\"elementor-element elementor-element-ad54239 e-flex e-con-boxed e-con e-parent\" data-id=\"ad54239\" data-element_type=\"container\">\n\t\t\t\t\t<div class=\"e-con-inner\">\n\t\t\t\t<div class=\"elementor-element elementor-element-cbfafbe elementor-widget elementor-widget-text-editor\" data-id=\"cbfafbe\" data-element_type=\"widget\" data-widget_type=\"text-editor.default\">\n\t\t\t\t<div class=\"elementor-widget-container\">\n\t\t\t<style>\/*! elementor - v3.22.0 - 26-06-2024 *\/\n.elementor-widget-text-editor.elementor-drop-cap-view-stacked .elementor-drop-cap{background-color:#69727d;color:#fff}.elementor-widget-text-editor.elementor-drop-cap-view-framed .elementor-drop-cap{color:#69727d;border:3px solid;background-color:transparent}.elementor-widget-text-editor:not(.elementor-drop-cap-view-default) .elementor-drop-cap{margin-top:8px}.elementor-widget-text-editor:not(.elementor-drop-cap-view-default) .elementor-drop-cap-letter{width:1em;height:1em}.elementor-widget-text-editor .elementor-drop-cap{float:left;text-align:center;line-height:1;font-size:50px}.elementor-widget-text-editor .elementor-drop-cap-letter{display:inline-block}<\/style>\t\t\t\t<p>Fond\u00e9e avec une mission \u00e9ducative et sociale, notre association, Les Abeilles Laborieuses s\u2019est engag\u00e9e depuis sa cr\u00e9ation \u00e0 fournir des ressources \u00e9ducatives essentielles \u00e0 la communaut\u00e9. Nous avons \u00e9volu\u00e9 au fil des ann\u00e9es pour r\u00e9pondre aux besoins changeants des \u00e9tudiants et de leurs familles, en offrant une vari\u00e9t\u00e9 de services et de programmes.<\/p>\t\t\t\t\t\t<\/div>\n\t\t\t\t<\/div>\n\t\t\t\t\t<\/div>\n\t\t\t\t<\/div>\n\t\t\t\t<\/div>\n\t\t","protected":false},"excerpt":{"rendered":"<p>Fond\u00e9e avec une mission \u00e9ducative et sociale, notre association, Les Abeilles Laborieuses s\u2019est engag\u00e9e depuis sa cr\u00e9ation \u00e0 fournir des ressources \u00e9ducatives essentielles \u00e0 la communaut\u00e9. Nous avons \u00e9volu\u00e9 au fil des ann\u00e9es pour r\u00e9pondre aux besoins changeants des \u00e9tudiants et de leurs familles, en offrant une vari\u00e9t\u00e9 de services et de programmes.<\/p>\n","protected":false},"author":1,"featured_media":0,"parent":0,"menu_order":0,"comment_status":"closed","ping_status":"closed","template":"","meta":{"om_disable_all_campaigns":false,"_monsterinsights_skip_tracking":false,"_monsterinsights_sitenote_active":false,"_monsterinsights_sitenote_note":"","_monsterinsights_sitenote_category":0,"footnotes":""},"aioseo_notices":[],"_links":{"self":[{"href":"https:\/\/les-abeilles-laborieuses.fr\/index.php?rest_route=\/wp\/v2\/pages\/177"}],"collection":[{"href":"https:\/\/les-abeilles-laborieuses.fr\/index.php?rest_route=\/wp\/v2\/pages"}],"about":[{"href":"https:\/\/les-abeilles-laborieuses.fr\/index.php?rest_route=\/wp\/v2\/types\/page"}],"author":[{"embeddable":true,"href":"https:\/\/les-abeilles-laborieuses.fr\/index.php?rest_route=\/wp\/v2\/users\/1"}],"replies":[{"embeddable":true,"href":"https:\/\/les-abeilles-laborieuses.fr\/index.php?rest_route=%2Fwp%2Fv2%2Fcomments&post=177"}],"version-history":[{"count":19,"href":"https:\/\/les-abeilles-laborieuses.fr\/index.php?rest_route=\/wp\/v2\/pages\/177\/revisions"}],"predecessor-version":[{"id":258,"href":"https:\/\/les-abeilles-laborieuses.fr\/index.php?rest_route=\/wp\/v2\/pages\/177\/revisions\/258"}],"wp:attachment":[{"href":"https:\/\/les-abeilles-laborieuses.fr\/index.php?rest_route=%2Fwp%2Fv2%2Fmedia&parent=177"}],"curies":[{"name":"wp","href":"https:\/\/api.w.org\/{rel}","templated":true}]}}