{"id":166,"date":"2024-09-27T19:52:42","date_gmt":"2024-09-27T17:52:42","guid":{"rendered":"https:\/\/les-abeilles-laborieuses.fr\/?page_id=166"},"modified":"2024-09-27T20:09:18","modified_gmt":"2024-09-27T18:09:18","slug":"francais","status":"publish","type":"page","link":"https:\/\/les-abeilles-laborieuses.fr\/?page_id=166","title":{"rendered":"Fran\u00e7ais"},"content":{"rendered":"\t\t<div data-elementor-type=\"wp-page\" data-elementor-id=\"166\" class=\"elementor elementor-166\">\n\t\t\t\t<div class=\"elementor-element elementor-element-455e436 e-flex e-con-boxed e-con e-parent\" data-id=\"455e436\" data-element_type=\"container\">\n\t\t\t\t\t<div class=\"e-con-inner\">\n\t\t\t\t<div class=\"elementor-element elementor-element-9844443 elementor-widget elementor-widget-heading\" data-id=\"9844443\" data-element_type=\"widget\" data-widget_type=\"heading.default\">\n\t\t\t\t<div class=\"elementor-widget-container\">\n\t\t\t<style>\/*! elementor - v3.22.0 - 26-06-2024 *\/\n.elementor-heading-title{padding:0;margin:0;line-height:1}.elementor-widget-heading .elementor-heading-title[class*=elementor-size-]>a{color:inherit;font-size:inherit;line-height:inherit}.elementor-widget-heading .elementor-heading-title.elementor-size-small{font-size:15px}.elementor-widget-heading .elementor-heading-title.elementor-size-medium{font-size:19px}.elementor-widget-heading .elementor-heading-title.elementor-size-large{font-size:29px}.elementor-widget-heading .elementor-heading-title.elementor-size-xl{font-size:39px}.elementor-widget-heading .elementor-heading-title.elementor-size-xxl{font-size:59px}<\/style><h2 class=\"elementor-heading-title elementor-size-default\">Cours pour les coll\u00e8giens<\/h2>\t\t<\/div>\n\t\t\t\t<\/div>\n\t\t\t\t<div class=\"elementor-element elementor-element-e67cb27 elementor-widget elementor-widget-text-editor\" data-id=\"e67cb27\" data-element_type=\"widget\" data-widget_type=\"text-editor.default\">\n\t\t\t\t<div class=\"elementor-widget-container\">\n\t\t\t<style>\/*! elementor - v3.22.0 - 26-06-2024 *\/\n.elementor-widget-text-editor.elementor-drop-cap-view-stacked .elementor-drop-cap{background-color:#69727d;color:#fff}.elementor-widget-text-editor.elementor-drop-cap-view-framed .elementor-drop-cap{color:#69727d;border:3px solid;background-color:transparent}.elementor-widget-text-editor:not(.elementor-drop-cap-view-default) .elementor-drop-cap{margin-top:8px}.elementor-widget-text-editor:not(.elementor-drop-cap-view-default) .elementor-drop-cap-letter{width:1em;height:1em}.elementor-widget-text-editor .elementor-drop-cap{float:left;text-align:center;line-height:1;font-size:50px}.elementor-widget-text-editor .elementor-drop-cap-letter{display:inline-block}<\/style>\t\t\t\t<p>Ces cours couvrent le programme de fran\u00e7ais pour les \u00e9l\u00e8ves de la 6\u00e8me \u00e0 la\u00a03\u00e8me.<\/p><p><span style=\"text-align: var(--text-align);\">Les s\u00e9ances sont pr\u00e9vues le<\/span><span style=\"text-align: var(--text-align); font-weight: bold;\">\u00a0samedi de 09h30 \u00e0 11h00<\/span><span style=\"text-align: var(--text-align);\">\u00a0au\u00a0<\/span><span style=\"text-align: var(--text-align); font-weight: bold;\">1-5 Pl. de la Lib\u00e9ration 93150 Le Blanc-Mesnil<\/span><\/p>\t\t\t\t\t\t<\/div>\n\t\t\t\t<\/div>\n\t\t\t\t\t<\/div>\n\t\t\t\t<\/div>\n\t\t<div class=\"elementor-element elementor-element-fa32659 e-flex e-con-boxed e-con e-parent\" data-id=\"fa32659\" data-element_type=\"container\">\n\t\t\t\t\t<div class=\"e-con-inner\">\n\t\t\t\t<div class=\"elementor-element elementor-element-a64268d elementor-widget elementor-widget-heading\" data-id=\"a64268d\" data-element_type=\"widget\" data-widget_type=\"heading.default\">\n\t\t\t\t<div class=\"elementor-widget-container\">\n\t\t\t<h2 class=\"elementor-heading-title elementor-size-default\">Cours pour les 2nd et 1\u00e8re<\/h2>\t\t<\/div>\n\t\t\t\t<\/div>\n\t\t\t\t<div class=\"elementor-element elementor-element-d9c4c09 elementor-widget elementor-widget-text-editor\" data-id=\"d9c4c09\" data-element_type=\"widget\" data-widget_type=\"text-editor.default\">\n\t\t\t\t<div class=\"elementor-widget-container\">\n\t\t\t\t\t\t\t<p>Ces cours couvrent le programme de fran\u00e7ais pour les secondes et premi\u00e8res, avec une pr\u00e9paration pour les oraux et l&#8217;\u00e9crit du baccalaur\u00e9at de fran\u00e7ais.<\/p><p><span style=\"text-align: var(--text-align);\">Les s\u00e9ances sont pr\u00e9vues le<\/span><span style=\"text-align: var(--text-align); font-weight: bold;\">&nbsp;samedi de 09h30 \u00e0 11h00<\/span><span style=\"text-align: var(--text-align);\">&nbsp;au&nbsp;<\/span><span style=\"text-align: var(--text-align); font-weight: bold;\">1-5 Pl. de la Lib\u00e9ration 93150 Le Blanc-Mesnil<\/span><\/p>\t\t\t\t\t\t<\/div>\n\t\t\t\t<\/div>\n\t\t\t\t\t<\/div>\n\t\t\t\t<\/div>\n\t\t\t\t<\/div>\n\t\t","protected":false},"excerpt":{"rendered":"<p>Cours pour les coll\u00e8giens Ces cours couvrent le programme de fran\u00e7ais pour les \u00e9l\u00e8ves de la 6\u00e8me \u00e0 la\u00a03\u00e8me. Les s\u00e9ances sont pr\u00e9vues le\u00a0samedi de 09h30 \u00e0 11h00\u00a0au\u00a01-5 Pl. de la Lib\u00e9ration 93150 Le Blanc-Mesnil Cours pour les 2nd et 1\u00e8re Ces cours couvrent le programme de fran\u00e7ais pour les secondes et premi\u00e8res, avec une pr\u00e9paration pour les oraux et&#8230;<\/p>\n","protected":false},"author":1,"featured_media":0,"parent":0,"menu_order":0,"comment_status":"closed","ping_status":"closed","template":"","meta":{"om_disable_all_campaigns":false,"_monsterinsights_skip_tracking":false,"_monsterinsights_sitenote_active":false,"_monsterinsights_sitenote_note":"","_monsterinsights_sitenote_category":0,"footnotes":""},"aioseo_notices":[],"_links":{"self":[{"href":"https:\/\/les-abeilles-laborieuses.fr\/index.php?rest_route=\/wp\/v2\/pages\/166"}],"collection":[{"href":"https:\/\/les-abeilles-laborieuses.fr\/index.php?rest_route=\/wp\/v2\/pages"}],"about":[{"href":"https:\/\/les-abeilles-laborieuses.fr\/index.php?rest_route=\/wp\/v2\/types\/page"}],"author":[{"embeddable":true,"href":"https:\/\/les-abeilles-laborieuses.fr\/index.php?rest_route=\/wp\/v2\/users\/1"}],"replies":[{"embeddable":true,"href":"https:\/\/les-abeilles-laborieuses.fr\/index.php?rest_route=%2Fwp%2Fv2%2Fcomments&post=166"}],"version-history":[{"count":6,"href":"https:\/\/les-abeilles-laborieuses.fr\/index.php?rest_route=\/wp\/v2\/pages\/166\/revisions"}],"predecessor-version":[{"id":173,"href":"https:\/\/les-abeilles-laborieuses.fr\/index.php?rest_route=\/wp\/v2\/pages\/166\/revisions\/173"}],"wp:attachment":[{"href":"https:\/\/les-abeilles-laborieuses.fr\/index.php?rest_route=%2Fwp%2Fv2%2Fmedia&parent=166"}],"curies":[{"name":"wp","href":"https:\/\/api.w.org\/{rel}","templated":true}]}}