{"id":155,"date":"2024-09-27T19:44:53","date_gmt":"2024-09-27T17:44:53","guid":{"rendered":"https:\/\/les-abeilles-laborieuses.fr\/?page_id=155"},"modified":"2024-09-27T20:57:08","modified_gmt":"2024-09-27T18:57:08","slug":"sciences","status":"publish","type":"page","link":"https:\/\/les-abeilles-laborieuses.fr\/?page_id=155","title":{"rendered":"Sciences"},"content":{"rendered":"\t\t<div data-elementor-type=\"wp-page\" data-elementor-id=\"155\" class=\"elementor elementor-155\">\n\t\t\t\t<div class=\"elementor-element elementor-element-dba82b6 e-flex e-con-boxed e-con e-parent\" data-id=\"dba82b6\" data-element_type=\"container\">\n\t\t\t\t\t<div class=\"e-con-inner\">\n\t\t\t\t<div class=\"elementor-element elementor-element-6c7b72d elementor-widget elementor-widget-heading\" data-id=\"6c7b72d\" data-element_type=\"widget\" data-widget_type=\"heading.default\">\n\t\t\t\t<div class=\"elementor-widget-container\">\n\t\t\t<style>\/*! elementor - v3.22.0 - 26-06-2024 *\/\n.elementor-heading-title{padding:0;margin:0;line-height:1}.elementor-widget-heading .elementor-heading-title[class*=elementor-size-]>a{color:inherit;font-size:inherit;line-height:inherit}.elementor-widget-heading .elementor-heading-title.elementor-size-small{font-size:15px}.elementor-widget-heading .elementor-heading-title.elementor-size-medium{font-size:19px}.elementor-widget-heading .elementor-heading-title.elementor-size-large{font-size:29px}.elementor-widget-heading .elementor-heading-title.elementor-size-xl{font-size:39px}.elementor-widget-heading .elementor-heading-title.elementor-size-xxl{font-size:59px}<\/style><h2 class=\"elementor-heading-title elementor-size-default\">Cours pour les 6\u00e8me - 5\u00e8me<\/h2>\t\t<\/div>\n\t\t\t\t<\/div>\n\t\t\t\t<div class=\"elementor-element elementor-element-418b7b5 elementor-widget elementor-widget-text-editor\" data-id=\"418b7b5\" data-element_type=\"widget\" data-widget_type=\"text-editor.default\">\n\t\t\t\t<div class=\"elementor-widget-container\">\n\t\t\t<style>\/*! elementor - v3.22.0 - 26-06-2024 *\/\n.elementor-widget-text-editor.elementor-drop-cap-view-stacked .elementor-drop-cap{background-color:#69727d;color:#fff}.elementor-widget-text-editor.elementor-drop-cap-view-framed .elementor-drop-cap{color:#69727d;border:3px solid;background-color:transparent}.elementor-widget-text-editor:not(.elementor-drop-cap-view-default) .elementor-drop-cap{margin-top:8px}.elementor-widget-text-editor:not(.elementor-drop-cap-view-default) .elementor-drop-cap-letter{width:1em;height:1em}.elementor-widget-text-editor .elementor-drop-cap{float:left;text-align:center;line-height:1;font-size:50px}.elementor-widget-text-editor .elementor-drop-cap-letter{display:inline-block}<\/style>\t\t\t\t<p>Ces cours couvrent le programme de sciences pour les \u00e9l\u00e8ves de 6e et 5e.<\/p><p>Les s\u00e9ances sont pr\u00e9vues le<b> lundi de 17h30 \u00e0 19h00<\/b> au <b>1-5 Pl. de la Lib\u00e9ration 93150 Le Blanc-Mesnil<\/b><\/p>\t\t\t\t\t\t<\/div>\n\t\t\t\t<\/div>\n\t\t\t\t\t<\/div>\n\t\t\t\t<\/div>\n\t\t<div class=\"elementor-element elementor-element-1da0b92 e-flex e-con-boxed e-con e-parent\" data-id=\"1da0b92\" data-element_type=\"container\">\n\t\t\t\t\t<div class=\"e-con-inner\">\n\t\t\t\t<div class=\"elementor-element elementor-element-4ab1053 elementor-widget elementor-widget-heading\" data-id=\"4ab1053\" data-element_type=\"widget\" data-widget_type=\"heading.default\">\n\t\t\t\t<div class=\"elementor-widget-container\">\n\t\t\t<h2 class=\"elementor-heading-title elementor-size-default\">Cours pour les 4\u00e8me - 3\u00e8me<\/h2>\t\t<\/div>\n\t\t\t\t<\/div>\n\t\t\t\t<div class=\"elementor-element elementor-element-8003a35 elementor-widget elementor-widget-text-editor\" data-id=\"8003a35\" data-element_type=\"widget\" data-widget_type=\"text-editor.default\">\n\t\t\t\t<div class=\"elementor-widget-container\">\n\t\t\t\t\t\t\t<p>Ces cours couvrent le programme de sciences pour les \u00e9l\u00e8ves de 4e et 3e,\u00a0<span style=\"text-align: var(--text-align);\">avec des s\u00e9ances suppl\u00e9mentaires pendant les vacances d\u00e9di\u00e9es aux \u00e9l\u00e8ves de troisi\u00e8me afin de les pr\u00e9parer au mieux aux \u00e9preuves du brevet.<\/span><\/p><p>Les s\u00e9ances sont pr\u00e9vues le<span style=\"font-weight: bold;\">\u00a0vendredi de 17h30 \u00e0 19h00<\/span>\u00a0au\u00a0<span style=\"font-weight: bold;\">1-5 Pl. de la Lib\u00e9ration 93150 Le Blanc-Mesnil<\/span><\/p>\t\t\t\t\t\t<\/div>\n\t\t\t\t<\/div>\n\t\t\t\t\t<\/div>\n\t\t\t\t<\/div>\n\t\t<div class=\"elementor-element elementor-element-fd03cdb e-flex e-con-boxed e-con e-parent\" data-id=\"fd03cdb\" data-element_type=\"container\">\n\t\t\t\t\t<div class=\"e-con-inner\">\n\t\t\t\t<div class=\"elementor-element elementor-element-6dbc8a6 elementor-widget elementor-widget-heading\" data-id=\"6dbc8a6\" data-element_type=\"widget\" data-widget_type=\"heading.default\">\n\t\t\t\t<div class=\"elementor-widget-container\">\n\t\t\t<h2 class=\"elementor-heading-title elementor-size-default\">Cours pour les lyc\u00e9ens<\/h2>\t\t<\/div>\n\t\t\t\t<\/div>\n\t\t\t\t<div class=\"elementor-element elementor-element-b6b1ae0 elementor-widget elementor-widget-text-editor\" data-id=\"b6b1ae0\" data-element_type=\"widget\" data-widget_type=\"text-editor.default\">\n\t\t\t\t<div class=\"elementor-widget-container\">\n\t\t\t\t\t\t\t<p>Ces cours couvrent le programme de sciences pour les lyc\u00e9ens, avec des s\u00e9ances suppl\u00e9mentaires pendant les vacances d\u00e9di\u00e9es aux \u00e9l\u00e8ves de terminale afin de les pr\u00e9parer au mieux aux \u00e9preuves du baccalaur\u00e9at. Une assistance est \u00e9galement propos\u00e9e pour les \u00e9preuves orales, ainsi que des conseils d&#8217;orientation.\u00a0<\/p><p>Les s\u00e9ances sont pr\u00e9vues le<span style=\"font-weight: bold;\">\u00a0samedi de 13h00 \u00e0 15h00<\/span>\u00a0au\u00a0<span style=\"font-weight: bold;\">1-5 Pl. de la Lib\u00e9ration 93150 Le Blanc-Mesnil<\/span><\/p><p>Les informations sur les cours pendant les vacances pour les terminales seront bient\u00f4t publi\u00e9s.<\/p><div>\u00a0<\/div>\t\t\t\t\t\t<\/div>\n\t\t\t\t<\/div>\n\t\t\t\t\t<\/div>\n\t\t\t\t<\/div>\n\t\t\t\t<\/div>\n\t\t","protected":false},"excerpt":{"rendered":"<p>Cours pour les 6\u00e8me &#8211; 5\u00e8me Ces cours couvrent le programme de sciences pour les \u00e9l\u00e8ves de 6e et 5e. Les s\u00e9ances sont pr\u00e9vues le lundi de 17h30 \u00e0 19h00 au 1-5 Pl. de la Lib\u00e9ration 93150 Le Blanc-Mesnil Cours pour les 4\u00e8me &#8211; 3\u00e8me Ces cours couvrent le programme de sciences pour les \u00e9l\u00e8ves de 4e et 3e,\u00a0avec des&#8230;<\/p>\n","protected":false},"author":1,"featured_media":0,"parent":0,"menu_order":0,"comment_status":"closed","ping_status":"closed","template":"","meta":{"om_disable_all_campaigns":false,"_monsterinsights_skip_tracking":false,"_monsterinsights_sitenote_active":false,"_monsterinsights_sitenote_note":"","_monsterinsights_sitenote_category":0,"footnotes":""},"aioseo_notices":[],"_links":{"self":[{"href":"https:\/\/les-abeilles-laborieuses.fr\/index.php?rest_route=\/wp\/v2\/pages\/155"}],"collection":[{"href":"https:\/\/les-abeilles-laborieuses.fr\/index.php?rest_route=\/wp\/v2\/pages"}],"about":[{"href":"https:\/\/les-abeilles-laborieuses.fr\/index.php?rest_route=\/wp\/v2\/types\/page"}],"author":[{"embeddable":true,"href":"https:\/\/les-abeilles-laborieuses.fr\/index.php?rest_route=\/wp\/v2\/users\/1"}],"replies":[{"embeddable":true,"href":"https:\/\/les-abeilles-laborieuses.fr\/index.php?rest_route=%2Fwp%2Fv2%2Fcomments&post=155"}],"version-history":[{"count":7,"href":"https:\/\/les-abeilles-laborieuses.fr\/index.php?rest_route=\/wp\/v2\/pages\/155\/revisions"}],"predecessor-version":[{"id":210,"href":"https:\/\/les-abeilles-laborieuses.fr\/index.php?rest_route=\/wp\/v2\/pages\/155\/revisions\/210"}],"wp:attachment":[{"href":"https:\/\/les-abeilles-laborieuses.fr\/index.php?rest_route=%2Fwp%2Fv2%2Fmedia&parent=155"}],"curies":[{"name":"wp","href":"https:\/\/api.w.org\/{rel}","templated":true}]}}